{"id":18,"date":"2021-09-06T09:36:49","date_gmt":"2021-09-06T07:36:49","guid":{"rendered":"http:\/\/www.josefreznicek.com\/?page_id=18"},"modified":"2021-11-06T11:44:06","modified_gmt":"2021-11-06T10:44:06","slug":"kontakt","status":"publish","type":"page","link":"http:\/\/www.josefreznicek.com\/?page_id=18","title":{"rendered":"Kontakt"},"content":{"rendered":"<p>[et_pb_section fb_built=&#8220;1&#8243; _builder_version=&#8220;4.9.7&#8243; _module_preset=&#8220;default&#8220; height=&#8220;1000px&#8220; custom_margin=&#8220;|||254px|false|false&#8220; custom_margin_tablet=&#8220;|||0px|false|false&#8220; custom_margin_phone=&#8220;|||0px|false|false&#8220; custom_margin_last_edited=&#8220;on|phone&#8220; custom_padding=&#8220;||2px|||&#8220;][et_pb_row _builder_version=&#8220;4.9.7&#8243; _module_preset=&#8220;default&#8220;][et_pb_column type=&#8220;4_4&#8243; _builder_version=&#8220;4.9.7&#8243; _module_preset=&#8220;default&#8220;][et_pb_text _builder_version=&#8220;4.9.7&#8243; _module_preset=&#8220;default&#8220;]<\/p>\n<h3>Kontakt<\/h3>\n<p>[\/et_pb_text][et_pb_text _builder_version=&#8220;4.9.7&#8243; _module_preset=&#8220;default&#8220; text_font=&#8220;Crimson Text||||||||&#8220; text_font_size=&#8220;17px&#8220;]<\/p>\n<p><span style=\"text-decoration: underline;\"><b>ING. ARCH. JOSEF \u0158EZN\u00cd\u010cEK<\/b><\/span><\/p>\n<p><span style=\"font-size: small;\"><b>Owls architects group<\/b><\/span><\/p>\n<h4><span style=\"font-size: medium;\">Technologick\u00e1 373\/4<\/span><\/h4>\n<h4><span style=\"font-size: medium;\">Ostrava-Pustkovec<b><\/b><\/span><span style=\"font-size: medium;\"><\/span><\/h4>\n<p><span style=\"font-size: medium;\"><\/span><\/p>\n<h4><span style=\"font-size: medium;\">+420 704 182 685<\/span><\/h4>\n<h4><span style=\"font-size: medium;\"><b>\u00a0<\/b><a href=\"mailto:info@owlsarchitects.com\">info@owlsarchitects.com<\/a><\/span><\/h4>\n<h4><span style=\"font-size: medium;\">\u00a0josef.reznicek@centrum.cz<\/span><\/h4>\n<p>&nbsp;<\/p>\n<p>&nbsp;<\/p>\n<p>[\/et_pb_text][\/et_pb_column][\/et_pb_row][\/et_pb_section]<\/p>\n","protected":false},"excerpt":{"rendered":"<p>[et_pb_section fb_built=&#8220;1&#8243; _builder_version=&#8220;4.9.7&#8243; _module_preset=&#8220;default&#8220; height=&#8220;1000px&#8220; custom_margin=&#8220;|||254px|false|false&#8220; custom_margin_tablet=&#8220;|||0px|false|false&#8220; custom_margin_phone=&#8220;|||0px|false|false&#8220; custom_margin_last_edited=&#8220;on|phone&#8220; custom_padding=&#8220;||2px|||&#8220;][et_pb_row _builder_version=&#8220;4.9.7&#8243; _module_preset=&#8220;default&#8220;][et_pb_column type=&#8220;4_4&#8243; _builder_version=&#8220;4.9.7&#8243; _module_preset=&#8220;default&#8220;][et_pb_text _builder_version=&#8220;4.9.7&#8243; _module_preset=&#8220;default&#8220;] Kontakt [\/et_pb_text][et_pb_text _builder_version=&#8220;4.9.7&#8243; _module_preset=&#8220;default&#8220; text_font=&#8220;Crimson Text||||||||&#8220; text_font_size=&#8220;17px&#8220;] ING. ARCH. JOSEF \u0158EZN\u00cd\u010cEK Owls architects group Technologick\u00e1 373\/4 Ostrava-Pustkovec +420 704 182 685 \u00a0info@owlsarchitects.com \u00a0josef.reznicek@centrum.cz &nbsp; &nbsp; [\/et_pb_text][\/et_pb_column][\/et_pb_row][\/et_pb_section]<\/p>\n","protected":false},"author":1,"featured_media":0,"parent":0,"menu_order":0,"comment_status":"closed","ping_status":"closed","template":"","meta":{"_et_pb_use_builder":"on","_et_pb_old_content":"<!-- wp:divi\/placeholder \/-->","_et_gb_content_width":"","footnotes":""},"class_list":["post-18","page","type-page","status-publish","hentry"],"_links":{"self":[{"href":"http:\/\/www.josefreznicek.com\/index.php?rest_route=\/wp\/v2\/pages\/18","targetHints":{"allow":["GET"]}}],"collection":[{"href":"http:\/\/www.josefreznicek.com\/index.php?rest_route=\/wp\/v2\/pages"}],"about":[{"href":"http:\/\/www.josefreznicek.com\/index.php?rest_route=\/wp\/v2\/types\/page"}],"author":[{"embeddable":true,"href":"http:\/\/www.josefreznicek.com\/index.php?rest_route=\/wp\/v2\/users\/1"}],"replies":[{"embeddable":true,"href":"http:\/\/www.josefreznicek.com\/index.php?rest_route=%2Fwp%2Fv2%2Fcomments&post=18"}],"version-history":[{"count":8,"href":"http:\/\/www.josefreznicek.com\/index.php?rest_route=\/wp\/v2\/pages\/18\/revisions"}],"predecessor-version":[{"id":802,"href":"http:\/\/www.josefreznicek.com\/index.php?rest_route=\/wp\/v2\/pages\/18\/revisions\/802"}],"wp:attachment":[{"href":"http:\/\/www.josefreznicek.com\/index.php?rest_route=%2Fwp%2Fv2%2Fmedia&parent=18"}],"curies":[{"name":"wp","href":"https:\/\/api.w.org\/{rel}","templated":true}]}}